{"id":5797,"date":"2023-10-05T17:30:24","date_gmt":"2023-10-05T17:30:24","guid":{"rendered":"https:\/\/saharacitytours.com\/es\/?page_id=5797"},"modified":"2023-11-01T09:04:47","modified_gmt":"2023-11-01T09:04:47","slug":"paseo-en-camello-y-quads","status":"publish","type":"page","link":"https:\/\/saharacitytours.com\/es\/paseo-en-camello-y-quads\/","title":{"rendered":"Paseo en camello y quads"},"content":{"rendered":"","protected":false},"excerpt":{"rendered":"","protected":false},"author":1,"featured_media":0,"parent":0,"menu_order":0,"comment_status":"closed","ping_status":"closed","template":"","meta":{"footnotes":""},"class_list":["post-5797","page","type-page","status-publish","hentry"],"yoast_head":"<!-- This site is optimized with the Yoast SEO plugin v21.5 - https:\/\/yoast.com\/wordpress\/plugins\/seo\/ -->\n<title>Paseo en camello y quads - Sahara City Tours<\/title>\n<meta name=\"description\" content=\"&quot;Disfruta de una aventura \u00fanica con nuestro paseo en camello y excursi\u00f3n en quads. Explora paisajes incre\u00edbles mientras te sumerges....\" \/>\n<meta name=\"robots\" content=\"index, follow, max-snippet:-1, max-image-preview:large, max-video-preview:-1\" \/>\n<link rel=\"canonical\" href=\"https:\/\/saharacitytours.com\/es\/paseo-en-camello-y-quads\/\" \/>\n<meta property=\"og:locale\" content=\"en_US\" \/>\n<meta property=\"og:type\" content=\"article\" \/>\n<meta property=\"og:title\" content=\"Paseo en camello y quads - Sahara City Tours\" \/>\n<meta property=\"og:description\" content=\"&quot;Disfruta de una aventura \u00fanica con nuestro paseo en camello y excursi\u00f3n en quads. Explora paisajes incre\u00edbles mientras te sumerges....\" \/>\n<meta property=\"og:url\" content=\"https:\/\/saharacitytours.com\/es\/paseo-en-camello-y-quads\/\" \/>\n<meta property=\"og:site_name\" content=\"Sahara City Tours\" \/>\n<meta property=\"article:modified_time\" content=\"2023-11-01T09:04:47+00:00\" \/>\n<meta name=\"twitter:card\" content=\"summary_large_image\" \/>\n<script type=\"application\/ld+json\" class=\"yoast-schema-graph\">{\"@context\":\"https:\/\/schema.org\",\"@graph\":[{\"@type\":\"WebPage\",\"@id\":\"https:\/\/saharacitytours.com\/es\/paseo-en-camello-y-quads\/\",\"url\":\"https:\/\/saharacitytours.com\/es\/paseo-en-camello-y-quads\/\",\"name\":\"Paseo en camello y quads - Sahara City Tours\",\"isPartOf\":{\"@id\":\"https:\/\/saharacitytours.com\/es\/#website\"},\"datePublished\":\"2023-10-05T17:30:24+00:00\",\"dateModified\":\"2023-11-01T09:04:47+00:00\",\"description\":\"\\\"Disfruta de una aventura \u00fanica con nuestro paseo en camello y excursi\u00f3n en quads. Explora paisajes incre\u00edbles mientras te sumerges....\",\"breadcrumb\":{\"@id\":\"https:\/\/saharacitytours.com\/es\/paseo-en-camello-y-quads\/#breadcrumb\"},\"inLanguage\":\"en-US\",\"potentialAction\":[{\"@type\":\"ReadAction\",\"target\":[\"https:\/\/saharacitytours.com\/es\/paseo-en-camello-y-quads\/\"]}]},{\"@type\":\"BreadcrumbList\",\"@id\":\"https:\/\/saharacitytours.com\/es\/paseo-en-camello-y-quads\/#breadcrumb\",\"itemListElement\":[{\"@type\":\"ListItem\",\"position\":1,\"name\":\"Home\",\"item\":\"https:\/\/saharacitytours.com\/es\/\"},{\"@type\":\"ListItem\",\"position\":2,\"name\":\"Paseo en camello y quads\"}]},{\"@type\":\"WebSite\",\"@id\":\"https:\/\/saharacitytours.com\/es\/#website\",\"url\":\"https:\/\/saharacitytours.com\/es\/\",\"name\":\"Sahara City Tours\",\"description\":\"Sahara City Tours\",\"publisher\":{\"@id\":\"https:\/\/saharacitytours.com\/es\/#organization\"},\"potentialAction\":[{\"@type\":\"SearchAction\",\"target\":{\"@type\":\"EntryPoint\",\"urlTemplate\":\"https:\/\/saharacitytours.com\/es\/?s={search_term_string}\"},\"query-input\":\"required name=search_term_string\"}],\"inLanguage\":\"en-US\"},{\"@type\":\"Organization\",\"@id\":\"https:\/\/saharacitytours.com\/es\/#organization\",\"name\":\"Sahara City Tours\",\"url\":\"https:\/\/saharacitytours.com\/es\/\",\"logo\":{\"@type\":\"ImageObject\",\"inLanguage\":\"en-US\",\"@id\":\"https:\/\/saharacitytours.com\/es\/#\/schema\/logo\/image\/\",\"url\":\"https:\/\/saharacitytours.com\/es\/wp-content\/uploads\/2023\/09\/logo-sahara.png\",\"contentUrl\":\"https:\/\/saharacitytours.com\/es\/wp-content\/uploads\/2023\/09\/logo-sahara.png\",\"width\":798,\"height\":411,\"caption\":\"Sahara City Tours\"},\"image\":{\"@id\":\"https:\/\/saharacitytours.com\/es\/#\/schema\/logo\/image\/\"}}]}<\/script>\n<!-- \/ Yoast SEO plugin. -->","yoast_head_json":{"title":"Paseo en camello y quads - Sahara City Tours","description":"\"Disfruta de una aventura \u00fanica con nuestro paseo en camello y excursi\u00f3n en quads. Explora paisajes incre\u00edbles mientras te sumerges....","robots":{"index":"index","follow":"follow","max-snippet":"max-snippet:-1","max-image-preview":"max-image-preview:large","max-video-preview":"max-video-preview:-1"},"canonical":"https:\/\/saharacitytours.com\/es\/paseo-en-camello-y-quads\/","og_locale":"en_US","og_type":"article","og_title":"Paseo en camello y quads - Sahara City Tours","og_description":"\"Disfruta de una aventura \u00fanica con nuestro paseo en camello y excursi\u00f3n en quads. Explora paisajes incre\u00edbles mientras te sumerges....","og_url":"https:\/\/saharacitytours.com\/es\/paseo-en-camello-y-quads\/","og_site_name":"Sahara City Tours","article_modified_time":"2023-11-01T09:04:47+00:00","twitter_card":"summary_large_image","schema":{"@context":"https:\/\/schema.org","@graph":[{"@type":"WebPage","@id":"https:\/\/saharacitytours.com\/es\/paseo-en-camello-y-quads\/","url":"https:\/\/saharacitytours.com\/es\/paseo-en-camello-y-quads\/","name":"Paseo en camello y quads - Sahara City Tours","isPartOf":{"@id":"https:\/\/saharacitytours.com\/es\/#website"},"datePublished":"2023-10-05T17:30:24+00:00","dateModified":"2023-11-01T09:04:47+00:00","description":"\"Disfruta de una aventura \u00fanica con nuestro paseo en camello y excursi\u00f3n en quads. Explora paisajes incre\u00edbles mientras te sumerges....","breadcrumb":{"@id":"https:\/\/saharacitytours.com\/es\/paseo-en-camello-y-quads\/#breadcrumb"},"inLanguage":"en-US","potentialAction":[{"@type":"ReadAction","target":["https:\/\/saharacitytours.com\/es\/paseo-en-camello-y-quads\/"]}]},{"@type":"BreadcrumbList","@id":"https:\/\/saharacitytours.com\/es\/paseo-en-camello-y-quads\/#breadcrumb","itemListElement":[{"@type":"ListItem","position":1,"name":"Home","item":"https:\/\/saharacitytours.com\/es\/"},{"@type":"ListItem","position":2,"name":"Paseo en camello y quads"}]},{"@type":"WebSite","@id":"https:\/\/saharacitytours.com\/es\/#website","url":"https:\/\/saharacitytours.com\/es\/","name":"Sahara City Tours","description":"Sahara City Tours","publisher":{"@id":"https:\/\/saharacitytours.com\/es\/#organization"},"potentialAction":[{"@type":"SearchAction","target":{"@type":"EntryPoint","urlTemplate":"https:\/\/saharacitytours.com\/es\/?s={search_term_string}"},"query-input":"required name=search_term_string"}],"inLanguage":"en-US"},{"@type":"Organization","@id":"https:\/\/saharacitytours.com\/es\/#organization","name":"Sahara City Tours","url":"https:\/\/saharacitytours.com\/es\/","logo":{"@type":"ImageObject","inLanguage":"en-US","@id":"https:\/\/saharacitytours.com\/es\/#\/schema\/logo\/image\/","url":"https:\/\/saharacitytours.com\/es\/wp-content\/uploads\/2023\/09\/logo-sahara.png","contentUrl":"https:\/\/saharacitytours.com\/es\/wp-content\/uploads\/2023\/09\/logo-sahara.png","width":798,"height":411,"caption":"Sahara City Tours"},"image":{"@id":"https:\/\/saharacitytours.com\/es\/#\/schema\/logo\/image\/"}}]}},"_links":{"self":[{"href":"https:\/\/saharacitytours.com\/es\/wp-json\/wp\/v2\/pages\/5797","targetHints":{"allow":["GET"]}}],"collection":[{"href":"https:\/\/saharacitytours.com\/es\/wp-json\/wp\/v2\/pages"}],"about":[{"href":"https:\/\/saharacitytours.com\/es\/wp-json\/wp\/v2\/types\/page"}],"author":[{"embeddable":true,"href":"https:\/\/saharacitytours.com\/es\/wp-json\/wp\/v2\/users\/1"}],"replies":[{"embeddable":true,"href":"https:\/\/saharacitytours.com\/es\/wp-json\/wp\/v2\/comments?post=5797"}],"version-history":[{"count":4,"href":"https:\/\/saharacitytours.com\/es\/wp-json\/wp\/v2\/pages\/5797\/revisions"}],"predecessor-version":[{"id":5909,"href":"https:\/\/saharacitytours.com\/es\/wp-json\/wp\/v2\/pages\/5797\/revisions\/5909"}],"wp:attachment":[{"href":"https:\/\/saharacitytours.com\/es\/wp-json\/wp\/v2\/media?parent=5797"}],"curies":[{"name":"wp","href":"https:\/\/api.w.org\/{rel}","templated":true}]}}